{"id":1639,"date":"2023-02-16T17:20:16","date_gmt":"2023-02-16T17:20:16","guid":{"rendered":"https:\/\/www.hidroplus.es\/politica-privacidad\/"},"modified":"2023-11-27T09:47:46","modified_gmt":"2023-11-27T09:47:46","slug":"politique-de-confidentialite","status":"publish","type":"page","link":"https:\/\/www.hidroplus.es\/fr\/politique-de-confidentialite\/","title":{"rendered":"Politique de confidentialit\u00e9"},"content":{"rendered":"[vc_row full_width=\u00a0\u00bbstretch_row\u00a0\u00bb gap=\u00a0\u00bb30&Prime; remove_bottom_col_margin=\u00a0\u00bbtrue\u00a0\u00bb css=\u00a0\u00bb.vc_custom_1681248294859{padding-top: 80px !important;padding-bottom: 80px !important;background-color: #ffffff !important;border-radius: 10px !important;}\u00a0\u00bb el_class=\u00a0\u00bbbg-lineal\u00a0\u00bb][vc_column css_animation=\u00a0\u00bbnone\u00a0\u00bb][vc_column_text css=\u00a0\u00bb.vc_custom_1700038833752{margin-bottom: 40px !important;}\u00a0\u00bb]Geotechnik Products, S.L. informa a los usuarios del sitio web sobre su pol\u00edtica respecto del tratamiento y protecci\u00f3n de los datos de car\u00e1cter personal de los usuarios y clientes que pueden ser recabados por la navegaci\u00f3n o contrataci\u00f3n de servicios a trav\u00e9s de su sitio web.<\/p>\n<p>En este sentido, Geotechnik Products, S.L. garantiza el cumplimiento de la normativa vigente en protecci\u00f3n de datos personales, reflejada en la Ley Org\u00e1nica 3\/2018 de Protecci\u00f3n de Datos de Car\u00e1cter Personal y en el Real Decreto 1720\/2007, de 21 de diciembre, por el que se aprueba el Reglamento de desarrollo de la LOPD y dem\u00e1s normativa internacional y europea vigente regulaciones.<\/p>\n<p>Para m\u00e1s informaci\u00f3n sobre la protecci\u00f3n de datos personales, le invitamos a consultar la p\u00e1gina web de la AEPD (Agencia Espa\u00f1ola de Protecci\u00f3n de Datos).<\/p>\n<p>El uso de este sitio web implica la aceptaci\u00f3n de esta pol\u00edtica de privacidad.[\/vc_column_text]<h2 class=\"vcex-heading vcex-module wpex-text-2xl wpex-font-normal wpex-m-auto wpex-max-w-100 vcex-heading-plain wpex-block wpex-mb-10\" style=\"color:#00075e;font-size:25px;font-weight:600;line-height:1.3;\"><span class=\"vcex-heading-inner wpex-inline-block wpex-clr\">Identidad del responsable del tratamiento e informaci\u00f3n b\u00e1sica en materia de protecci\u00f3n de datos<\/span><\/h2>[vc_column_text css=\u00a0\u00bb.vc_custom_1700038578413{margin-bottom: 40px !important;}\u00a0\u00bb]<strong>Responsable:<\/strong> Geotechnik Products, S.L.<br \/>\n<strong>Direcci\u00f3n:<\/strong><br \/>\nCarrer de C\u00e1diz, 16<br \/>\n08940 Cornell\u00e0 de Llobregat<br \/>\nBarcelona<br \/>\n<strong>Correo electr\u00f3nico:<\/strong> <a href=\"mailto:geoproducts@geoproducts.es\">geoproducts@geoproducts.es<\/a>[\/vc_column_text]<h2 class=\"vcex-heading vcex-module wpex-text-2xl wpex-font-normal wpex-m-auto wpex-max-w-100 vcex-heading-plain wpex-block wpex-mb-10\" style=\"color:#00075e;font-size:25px;font-weight:600;line-height:1.3;\"><span class=\"vcex-heading-inner wpex-inline-block wpex-clr\">Recogida, finalidad y tratamiento de datos<\/span><\/h2>[vc_column_text css=\u00a0\u00bb.vc_custom_1700038689474{margin-bottom: 40px !important;}\u00a0\u00bb]Geotechnik Products, S.L. tiene el deber de informar a los usuarios de su sitio web acerca de la recogida de datos de car\u00e1cter personal que puede llevar a cabo, bien mediante el env\u00edo de correo electr\u00f3nico o cumplimentando los formularios incluidos en el sitio web. En este sentido, Geotechnik Products, S.L. ser\u00e1 responsable de los datos recabados a trav\u00e9s de los medios anteriormente descritos.<\/p>\n<p>Por su parte, Geotechnik Products, S.L. informa a los usuarios que la finalidad del tratamiento de los datos recabados incluye: La atenci\u00f3n de las solicitudes realizadas por los usuarios, la inclusi\u00f3n en la agenda de contactos, la prestaci\u00f3n de servicios y la gesti\u00f3n de la relaci\u00f3n comercial.<\/p>\n<p>Se consideran tratamientos de datos personales las operaciones, procedimientos y procedimientos t\u00e9cnicos que se realizan de forma automatizada o no automatizada y que permiten la recogida, almacenamiento, modificaci\u00f3n, transferencia y otras acciones sobre datos personales.[\/vc_column_text]<h2 class=\"vcex-heading vcex-module wpex-text-2xl wpex-font-normal wpex-m-auto wpex-max-w-100 vcex-heading-plain wpex-block wpex-mb-10\" style=\"color:#00075e;font-size:25px;font-weight:600;line-height:1.3;\"><span class=\"vcex-heading-inner wpex-inline-block wpex-clr\">Comunicaci\u00f3n de informaci\u00f3n a terceros<\/span><\/h2>[vc_column_text css=\u00a0\u00bb.vc_custom_1700038700537{margin-bottom: 40px !important;}\u00a0\u00bb]Geotechnik Products, S.L. informa a los usuarios que sus datos personales no ser\u00e1n cedidos a terceras organizaciones, con la excepci\u00f3n de que dicha cesi\u00f3n de datos est\u00e9 amparada en una obligaci\u00f3n legal o cuando la prestaci\u00f3n de un servicio implique la necesidad de una relaci\u00f3n contractual con un tercero.<\/p>\n<p>En este \u00faltimo caso, la cesi\u00f3n de datos al tercero s\u00f3lo se realizar\u00e1 cuando Geotechnik Products, S.L. cuente con el consentimiento expreso del usuario.[\/vc_column_text]<h2 class=\"vcex-heading vcex-module wpex-text-2xl wpex-font-normal wpex-m-auto wpex-max-w-100 vcex-heading-plain wpex-block wpex-mb-10\" style=\"color:#00075e;font-size:25px;font-weight:600;line-height:1.3;\"><span class=\"vcex-heading-inner wpex-inline-block wpex-clr\">Derechos de los usuarios<\/span><\/h2>[vc_column_text css=\u00a0\u00bb.vc_custom_1700038734722{margin-bottom: 40px !important;}\u00a0\u00bb]La Ley Org\u00e1nica 3\/2018 de Protecci\u00f3n de Datos de Car\u00e1cter Personal concede a los interesados \u200b\u200bla posibilidad de ejercer una serie de derechos relacionados con el tratamiento de sus datos personales.<\/p>\n<p>Siempre que los datos del usuario sean objeto de tratamiento por parte de Geotechnik Products, S.L.. Los usuarios podr\u00e1n ejercer sus derechos de acceso, rectificaci\u00f3n, cancelaci\u00f3n y oposici\u00f3n de conformidad con lo dispuesto en la normativa legal vigente en materia de protecci\u00f3n de datos de car\u00e1cter personal.<\/p>\n<p>Para hacer uso del ejercicio de estos derechos, el usuario deber\u00e1 dirigirse mediante comunicaci\u00f3n escrita, aportando documentaci\u00f3n que acredite su identidad (DNI), a la siguiente direcci\u00f3n: Geotechnik Products, S.L., Carrer de C\u00e1diz, 16, 08940 Cornell\u00e0 de Llobregat, Barcelona o la direcci\u00f3n que se sustituye en el Registro General de Protecci\u00f3n de Datos. Dicha comunicaci\u00f3n deber\u00e1 reflejar la siguiente informaci\u00f3n: Nombre y apellidos del usuario, la solicitud de solicitud, la direcci\u00f3n y los datos respaldatorios.<\/p>\n<p>La solicitud tambi\u00e9n puede enviarse al siguiente correo electr\u00f3nico: <a href=\"mailto:geoproducts@geoproducts.es\">geoproducts@geoproducts.es<\/a>.<\/p>\n<p>El ejercicio de los derechos deber\u00e1 ser realizado por el usuario. Sin embargo, podr\u00e1n ser ejecutados por una persona autorizada como representante legal de la persona autorizada. En este caso deber\u00e1 aportarse la documentaci\u00f3n que acredite esta representaci\u00f3n del interesado.<\/p>\n<p>Los datos proporcionados se conservar\u00e1n mientras se mantenga la relaci\u00f3n comercial o durante los a\u00f1os necesarios para cumplir con las obligaciones legales.<\/p>\n<p>El Usuario es responsable de que la informaci\u00f3n que proporcione a trav\u00e9s de este sitio web sea veraz, respondiendo de la exactitud de todos aquellos datos que comunique y los mantendr\u00e1 actualizados para reflejar una situaci\u00f3n real, siendo responsable de las informaciones falsas o inexactas que proporcione y de los perjuicios, molestias y problemas que pudieran causar a Geotechnik Products, S.L., o a terceros.<\/p>\n<p>Esta informaci\u00f3n ser\u00e1 conservada y gestionada con la debida confidencialidad, aplicando las medidas de seguridad inform\u00e1tica necesarias para evitar el acceso o utilizaci\u00f3n indebida de sus datos, su manipulaci\u00f3n, deterioro o p\u00e9rdida.<\/p>\n<p>No obstante, el Usuario debe tener en cuenta que la seguridad de los sistemas inform\u00e1ticos nunca es absoluta. Cuando se proporcionan datos personales en l\u00ednea, dicha informaci\u00f3n puede ser recopilada sin su consentimiento y procesada por terceros no autorizados.<\/p>\n<p>Geotechnik Products, S.L., declina, cualquier responsabilidad por las consecuencias que estos actos puedan tener para el Usuario, si voluntariamente public\u00f3 la informaci\u00f3n.[\/vc_column_text][vc_column_text css=\u00a0\u00bb.vc_custom_1699787939413{margin-bottom: 40px !important;}\u00a0\u00bb]\n<p>Pol\u00edtica de Privacidad actualizada en noviembre de 2023.<\/p>\n[\/vc_column_text][\/vc_column][\/vc_row]\n","protected":false},"excerpt":{"rendered":"<p>[vc_row full_width=\u00a0\u00bbstretch_row\u00a0\u00bb gap=\u00a0\u00bb30&Prime; remove_bottom_col_margin=\u00a0\u00bbtrue\u00a0\u00bb css=\u00a0\u00bb.vc_custom_1681248294859{padding-top: 80px !important;padding-bottom: 80px !important;background-color: #ffffff !important;border-radius: 10px !important;}\u00a0\u00bb el_class=\u00a0\u00bbbg-lineal\u00a0\u00bb][vc_column css_animation=\u00a0\u00bbnone\u00a0\u00bb][vc_column_text css=\u00a0\u00bb.vc_custom_1700038833752{margin-bottom: 40px !important;}\u00a0\u00bb]Geotechnik Products, S.L. informa a los usuarios del sitio web sobre su pol\u00edtica respecto del tratamiento y protecci\u00f3n de los datos de car\u00e1cter personal de los usuarios y clientes que pueden ser recabados por la navegaci\u00f3n o contrataci\u00f3n&hellip;<\/p>\n","protected":false},"author":1,"featured_media":0,"parent":0,"menu_order":0,"comment_status":"closed","ping_status":"closed","template":"","meta":{"footnotes":""},"yoast_head":"<!-- This site is optimized with the Yoast SEO plugin v21.5 - https:\/\/yoast.com\/wordpress\/plugins\/seo\/ -->\n<title>Politique de confidentialit\u00e9 - Geotechnik Products<\/title>\n<meta name=\"robots\" content=\"index, follow, max-snippet:-1, max-image-preview:large, max-video-preview:-1\" \/>\n<link rel=\"canonical\" href=\"https:\/\/www.hidroplus.es\/fr\/politique-de-confidentialite\/\" \/>\n<meta property=\"og:locale\" content=\"fr_FR\" \/>\n<meta property=\"og:type\" content=\"article\" \/>\n<meta property=\"og:title\" content=\"Politique de confidentialit\u00e9 - Geotechnik Products\" \/>\n<meta property=\"og:description\" content=\"[vc_row full_width=\u00a0\u00bbstretch_row\u00a0\u00bb gap=\u00a0\u00bb30&Prime; remove_bottom_col_margin=\u00a0\u00bbtrue\u00a0\u00bb css=\u00a0\u00bb.vc_custom_1681248294859{padding-top: 80px !important;padding-bottom: 80px !important;background-color: #ffffff !important;border-radius: 10px !important;}\u00a0\u00bb el_class=\u00a0\u00bbbg-lineal\u00a0\u00bb][vc_column css_animation=\u00a0\u00bbnone\u00a0\u00bb][vc_column_text css=\u00a0\u00bb.vc_custom_1700038833752{margin-bottom: 40px !important;}\u00a0\u00bb]Geotechnik Products, S.L. informa a los usuarios del sitio web sobre su pol\u00edtica respecto del tratamiento y protecci\u00f3n de los datos de car\u00e1cter personal de los usuarios y clientes que pueden ser recabados por la navegaci\u00f3n o contrataci\u00f3n&hellip;\" \/>\n<meta property=\"og:url\" content=\"https:\/\/www.hidroplus.es\/fr\/politique-de-confidentialite\/\" \/>\n<meta property=\"og:site_name\" content=\"Geotechnik Products\" \/>\n<meta property=\"article:modified_time\" content=\"2023-11-27T09:47:46+00:00\" \/>\n<meta property=\"og:image\" content=\"https:\/\/www.hidroplus.es\/wp-content\/uploads\/2023\/11\/Logo-Geoproducts-web.jpg\" \/>\n\t<meta property=\"og:image:width\" content=\"1200\" \/>\n\t<meta property=\"og:image:height\" content=\"675\" \/>\n\t<meta property=\"og:image:type\" content=\"image\/jpeg\" \/>\n<meta name=\"twitter:card\" content=\"summary_large_image\" \/>\n<meta name=\"twitter:label1\" content=\"Dur\u00e9e de lecture estim\u00e9e\" \/>\n\t<meta name=\"twitter:data1\" content=\"4 minutes\" \/>\n<script type=\"application\/ld+json\" class=\"yoast-schema-graph\">{\"@context\":\"https:\/\/schema.org\",\"@graph\":[{\"@type\":\"WebPage\",\"@id\":\"https:\/\/www.hidroplus.es\/fr\/politique-de-confidentialite\/\",\"url\":\"https:\/\/www.hidroplus.es\/fr\/politique-de-confidentialite\/\",\"name\":\"Politique de confidentialit\u00e9 - Geotechnik Products\",\"isPartOf\":{\"@id\":\"https:\/\/www.hidroplus.es\/fr\/#website\"},\"datePublished\":\"2023-02-16T17:20:16+00:00\",\"dateModified\":\"2023-11-27T09:47:46+00:00\",\"breadcrumb\":{\"@id\":\"https:\/\/www.hidroplus.es\/fr\/politique-de-confidentialite\/#breadcrumb\"},\"inLanguage\":\"fr-FR\",\"potentialAction\":[{\"@type\":\"ReadAction\",\"target\":[\"https:\/\/www.hidroplus.es\/fr\/politique-de-confidentialite\/\"]}]},{\"@type\":\"BreadcrumbList\",\"@id\":\"https:\/\/www.hidroplus.es\/fr\/politique-de-confidentialite\/#breadcrumb\",\"itemListElement\":[{\"@type\":\"ListItem\",\"position\":1,\"name\":\"Portada\",\"item\":\"https:\/\/www.hidroplus.es\/fr\/\"},{\"@type\":\"ListItem\",\"position\":2,\"name\":\"Politique de confidentialit\u00e9\"}]},{\"@type\":\"WebSite\",\"@id\":\"https:\/\/www.hidroplus.es\/fr\/#website\",\"url\":\"https:\/\/www.hidroplus.es\/fr\/\",\"name\":\"Geotechnik Products\",\"description\":\"Desarrollamos y fabricamos productos para geotecnia y cimentaciones\",\"publisher\":{\"@id\":\"https:\/\/www.hidroplus.es\/fr\/#organization\"},\"alternateName\":\"Geoproducts\",\"potentialAction\":[{\"@type\":\"SearchAction\",\"target\":{\"@type\":\"EntryPoint\",\"urlTemplate\":\"https:\/\/www.hidroplus.es\/fr\/?s={search_term_string}\"},\"query-input\":\"required name=search_term_string\"}],\"inLanguage\":\"fr-FR\"},{\"@type\":\"Organization\",\"@id\":\"https:\/\/www.hidroplus.es\/fr\/#organization\",\"name\":\"Geotechnik Products\",\"alternateName\":\"Geoproducts\",\"url\":\"https:\/\/www.hidroplus.es\/fr\/\",\"logo\":{\"@type\":\"ImageObject\",\"inLanguage\":\"fr-FR\",\"@id\":\"https:\/\/www.hidroplus.es\/fr\/#\/schema\/logo\/image\/\",\"url\":\"https:\/\/www.hidroplus.es\/wp-content\/uploads\/2023\/11\/Logo-Geoproducts-web.svg\",\"contentUrl\":\"https:\/\/www.hidroplus.es\/wp-content\/uploads\/2023\/11\/Logo-Geoproducts-web.svg\",\"caption\":\"Geotechnik Products\"},\"image\":{\"@id\":\"https:\/\/www.hidroplus.es\/fr\/#\/schema\/logo\/image\/\"}}]}<\/script>\n<!-- \/ Yoast SEO plugin. -->","yoast_head_json":{"title":"Politique de confidentialit\u00e9 - Geotechnik Products","robots":{"index":"index","follow":"follow","max-snippet":"max-snippet:-1","max-image-preview":"max-image-preview:large","max-video-preview":"max-video-preview:-1"},"canonical":"https:\/\/www.hidroplus.es\/fr\/politique-de-confidentialite\/","og_locale":"fr_FR","og_type":"article","og_title":"Politique de confidentialit\u00e9 - Geotechnik Products","og_description":"[vc_row full_width=\u00a0\u00bbstretch_row\u00a0\u00bb gap=\u00a0\u00bb30&Prime; remove_bottom_col_margin=\u00a0\u00bbtrue\u00a0\u00bb css=\u00a0\u00bb.vc_custom_1681248294859{padding-top: 80px !important;padding-bottom: 80px !important;background-color: #ffffff !important;border-radius: 10px !important;}\u00a0\u00bb el_class=\u00a0\u00bbbg-lineal\u00a0\u00bb][vc_column css_animation=\u00a0\u00bbnone\u00a0\u00bb][vc_column_text css=\u00a0\u00bb.vc_custom_1700038833752{margin-bottom: 40px !important;}\u00a0\u00bb]Geotechnik Products, S.L. informa a los usuarios del sitio web sobre su pol\u00edtica respecto del tratamiento y protecci\u00f3n de los datos de car\u00e1cter personal de los usuarios y clientes que pueden ser recabados por la navegaci\u00f3n o contrataci\u00f3n&hellip;","og_url":"https:\/\/www.hidroplus.es\/fr\/politique-de-confidentialite\/","og_site_name":"Geotechnik Products","article_modified_time":"2023-11-27T09:47:46+00:00","og_image":[{"width":1200,"height":675,"url":"https:\/\/www.hidroplus.es\/wp-content\/uploads\/2023\/11\/Logo-Geoproducts-web.jpg","type":"image\/jpeg"}],"twitter_card":"summary_large_image","twitter_misc":{"Dur\u00e9e de lecture estim\u00e9e":"4 minutes"},"schema":{"@context":"https:\/\/schema.org","@graph":[{"@type":"WebPage","@id":"https:\/\/www.hidroplus.es\/fr\/politique-de-confidentialite\/","url":"https:\/\/www.hidroplus.es\/fr\/politique-de-confidentialite\/","name":"Politique de confidentialit\u00e9 - Geotechnik Products","isPartOf":{"@id":"https:\/\/www.hidroplus.es\/fr\/#website"},"datePublished":"2023-02-16T17:20:16+00:00","dateModified":"2023-11-27T09:47:46+00:00","breadcrumb":{"@id":"https:\/\/www.hidroplus.es\/fr\/politique-de-confidentialite\/#breadcrumb"},"inLanguage":"fr-FR","potentialAction":[{"@type":"ReadAction","target":["https:\/\/www.hidroplus.es\/fr\/politique-de-confidentialite\/"]}]},{"@type":"BreadcrumbList","@id":"https:\/\/www.hidroplus.es\/fr\/politique-de-confidentialite\/#breadcrumb","itemListElement":[{"@type":"ListItem","position":1,"name":"Portada","item":"https:\/\/www.hidroplus.es\/fr\/"},{"@type":"ListItem","position":2,"name":"Politique de confidentialit\u00e9"}]},{"@type":"WebSite","@id":"https:\/\/www.hidroplus.es\/fr\/#website","url":"https:\/\/www.hidroplus.es\/fr\/","name":"Geotechnik Products","description":"Desarrollamos y fabricamos productos para geotecnia y cimentaciones","publisher":{"@id":"https:\/\/www.hidroplus.es\/fr\/#organization"},"alternateName":"Geoproducts","potentialAction":[{"@type":"SearchAction","target":{"@type":"EntryPoint","urlTemplate":"https:\/\/www.hidroplus.es\/fr\/?s={search_term_string}"},"query-input":"required name=search_term_string"}],"inLanguage":"fr-FR"},{"@type":"Organization","@id":"https:\/\/www.hidroplus.es\/fr\/#organization","name":"Geotechnik Products","alternateName":"Geoproducts","url":"https:\/\/www.hidroplus.es\/fr\/","logo":{"@type":"ImageObject","inLanguage":"fr-FR","@id":"https:\/\/www.hidroplus.es\/fr\/#\/schema\/logo\/image\/","url":"https:\/\/www.hidroplus.es\/wp-content\/uploads\/2023\/11\/Logo-Geoproducts-web.svg","contentUrl":"https:\/\/www.hidroplus.es\/wp-content\/uploads\/2023\/11\/Logo-Geoproducts-web.svg","caption":"Geotechnik Products"},"image":{"@id":"https:\/\/www.hidroplus.es\/fr\/#\/schema\/logo\/image\/"}}]}},"_links":{"self":[{"href":"https:\/\/www.hidroplus.es\/fr\/wp-json\/wp\/v2\/pages\/1639"}],"collection":[{"href":"https:\/\/www.hidroplus.es\/fr\/wp-json\/wp\/v2\/pages"}],"about":[{"href":"https:\/\/www.hidroplus.es\/fr\/wp-json\/wp\/v2\/types\/page"}],"author":[{"embeddable":true,"href":"https:\/\/www.hidroplus.es\/fr\/wp-json\/wp\/v2\/users\/1"}],"replies":[{"embeddable":true,"href":"https:\/\/www.hidroplus.es\/fr\/wp-json\/wp\/v2\/comments?post=1639"}],"version-history":[{"count":4,"href":"https:\/\/www.hidroplus.es\/fr\/wp-json\/wp\/v2\/pages\/1639\/revisions"}],"predecessor-version":[{"id":1758,"href":"https:\/\/www.hidroplus.es\/fr\/wp-json\/wp\/v2\/pages\/1639\/revisions\/1758"}],"wp:attachment":[{"href":"https:\/\/www.hidroplus.es\/fr\/wp-json\/wp\/v2\/media?parent=1639"}],"curies":[{"name":"wp","href":"https:\/\/api.w.org\/{rel}","templated":true}]}}